{"id":263,"date":"2019-10-30T16:02:11","date_gmt":"2019-10-30T15:02:11","guid":{"rendered":"http:\/\/www.diasporafriends.de\/zzantje\/start\/"},"modified":"2024-01-05T13:41:37","modified_gmt":"2024-01-05T12:41:37","slug":"start","status":"publish","type":"page","link":"https:\/\/www.antjepfundtner.de\/en\/","title":{"rendered":"Start"},"content":{"rendered":"\n<p><a aria-label=\"\u201eAntje Pfundtner in Gesellschaft\u201c (APiG) (opens in a new tab)\" rel=\"noreferrer noopener\" href=\"https:\/\/www.antjepfundtner.de\/en\/about\/\" target=\"_blank\">\u201eAntje Pfundtner in Gesellschaft\u201c (APiG)<\/a> is headquartered in Hamburg, produces <a rel=\"noreferrer noopener\" href=\"https:\/\/www.antjepfundtner.de\/en\/projects\/studio-stage\/\" target=\"_blank\">stage pieces<\/a> and initiates <a rel=\"noreferrer noopener\" href=\"https:\/\/www.antjepfundtner.de\/en\/projects\/exchange-encounter\/\" target=\"_blank\">collaborative spaces<\/a>.  <br><br>APiG is made up of a core team, i.a. Anne Kersting (dramaturgy and curation), Hannah Melder (production management, PR and marketing) and Antje Pfundtner (choreography, dance and artistic direction) as well as alternating guests and colleagues.<br><br>In addition to her <a aria-label=\"stage cooperations (opens in a new tab)\" href=\"https:\/\/www.antjepfundtner.de\/en\/projects\/studio-stage\/\" target=\"_blank\" rel=\"noreferrer noopener\">stage cooperations<\/a>, Antje Pfundtner in Gesellschaft develops formats of artistic sharing. It is currently initiating the <a aria-label=\"TISCHGESELLSCHAFTEN (opens in a new tab)\" href=\"https:\/\/www.antjepfundtner.de\/en\/tischgesellschaften\/\" target=\"_blank\" rel=\"noreferrer noopener\">TISCHGESELLSCHAFTEN<\/a>, a meeting initiative to network, share resources and stabilize the exchange of knowledge.<br><br><strong>An info brochure summing up the various activities of Antje Pfundtner in Gesellschaft can be downloaded <a href=\"https:\/\/www.antjepfundtner.de\/wp-content\/uploads\/2021\/04\/Imagebroschuere-APiG_WEB_ENG.pdf\" target=\"_blank\" rel=\"noreferrer noopener\">here<\/a>.<\/strong><\/p>\n\n\n\n<figure class=\"wp-block-embed is-type-video is-provider-vimeo wp-block-embed-vimeo wp-embed-aspect-16-9 wp-has-aspect-ratio\"><div class=\"wp-block-embed__wrapper\">\n <div class=\"brlbs-cmpnt-container brlbs-cmpnt-content-blocker brlbs-cmpnt-with-individual-styles\" data-borlabs-cookie-content-blocker-id=\"vimeo-content-blocker\" data-borlabs-cookie-content=\"PGlmcmFtZSB0aXRsZT0iQW50amUgUGZ1bmR0bmVyIGluIEdlc2VsbHNjaGFmdCAtIEltYWdldHJhaWxlciIgc3JjPSJodHRwczovL3BsYXllci52aW1lby5jb20vdmlkZW8vNTM4NjEzNzQ5P2RudD0xJmFtcDthcHBfaWQ9MTIyOTYzIiB3aWR0aD0iNjQwIiBoZWlnaHQ9IjM2MCIgZnJhbWVib3JkZXI9IjAiIGFsbG93PSJhdXRvcGxheTsgZnVsbHNjcmVlbjsgcGljdHVyZS1pbi1waWN0dXJlIiBhbGxvd2Z1bGxzY3JlZW4+PC9pZnJhbWU+\"><div class=\"brlbs-cmpnt-cb-preset-c brlbs-cmpnt-cb-vimeo\"> <div class=\"brlbs-cmpnt-cb-thumbnail\" style=\"background-image: url('https:\/\/www.antjepfundtner.de\/wp-content\/uploads\/borlabs-cookie\/1\/vimeo_538613749.jpg')\"><\/div> <div class=\"brlbs-cmpnt-cb-main\"> <div class=\"brlbs-cmpnt-cb-play-button\"><\/div> <div class=\"brlbs-cmpnt-cb-content\"> <p class=\"brlbs-cmpnt-cb-description\">You are currently viewing a placeholder content from <strong>Vimeo<\/strong>. To access the actual content, click the button below. Please note that doing so will share data with third-party providers.<\/p> <a class=\"brlbs-cmpnt-cb-provider-toggle\" href=\"#\" data-borlabs-cookie-show-provider-information role=\"button\">More Information<\/a> <\/div> <div class=\"brlbs-cmpnt-cb-buttons\"> <a class=\"brlbs-cmpnt-cb-btn\" href=\"#\" data-borlabs-cookie-unblock role=\"button\">Unblock content<\/a> <a class=\"brlbs-cmpnt-cb-btn\" href=\"#\" data-borlabs-cookie-accept-service role=\"button\" style=\"display: inherit\">Accept required service and unblock content<\/a> <\/div> <\/div> <\/div><\/div>\n<\/div><\/figure>\n\n\n\n<p><\/p>\n","protected":false},"excerpt":{"rendered":"<p>\u201eAntje Pfundtner in Gesellschaft\u201c (APiG) is headquartered in Hamburg, produces stage pieces and initiates collaborative spaces. APiG is made up of a core team, i.a. Anne Kersting (dramaturgy and curation), Hannah Melder (production management, PR and marketing) and Antje Pfundtner (choreography, dance and artistic direction) as well as alternating guests and colleagues. In addition to [&hellip;]<\/p>\n","protected":false},"author":1,"featured_media":0,"parent":0,"menu_order":5,"comment_status":"closed","ping_status":"closed","template":"tmpl_start.php","meta":{"footnotes":""},"acf":[],"yoast_head":"<!-- This site is optimized with the Yoast SEO plugin v21.4 - https:\/\/yoast.com\/wordpress\/plugins\/seo\/ -->\n<title>Start | Antje Pfundtner in Gesellschaft<\/title>\n<meta name=\"robots\" content=\"index, follow, max-snippet:-1, max-image-preview:large, max-video-preview:-1\" \/>\n<link rel=\"canonical\" href=\"https:\/\/www.antjepfundtner.de\/en\/\" \/>\n<meta property=\"og:locale\" content=\"en_US\" \/>\n<meta property=\"og:type\" content=\"article\" \/>\n<meta property=\"og:title\" content=\"Start | Antje Pfundtner in Gesellschaft\" \/>\n<meta property=\"og:description\" content=\"\u201eAntje Pfundtner in Gesellschaft\u201c (APiG) is headquartered in Hamburg, produces stage pieces and initiates collaborative spaces. APiG is made up of a core team, i.a. Anne Kersting (dramaturgy and curation), Hannah Melder (production management, PR and marketing) and Antje Pfundtner (choreography, dance and artistic direction) as well as alternating guests and colleagues. In addition to [&hellip;]\" \/>\n<meta property=\"og:url\" content=\"https:\/\/www.antjepfundtner.de\/en\/\" \/>\n<meta property=\"og:site_name\" content=\"Antje Pfundtner in Gesellschaft\" \/>\n<meta property=\"article:publisher\" content=\"https:\/\/de-de.facebook.com\/antje.pfundtner\" \/>\n<meta property=\"article:modified_time\" content=\"2024-01-05T12:41:37+00:00\" \/>\n<meta name=\"twitter:card\" content=\"summary_large_image\" \/>\n<meta name=\"twitter:label1\" content=\"Est. reading time\" \/>\n\t<meta name=\"twitter:data1\" content=\"1 minute\" \/>\n<script type=\"application\/ld+json\" class=\"yoast-schema-graph\">{\"@context\":\"https:\/\/schema.org\",\"@graph\":[{\"@type\":\"WebPage\",\"@id\":\"https:\/\/www.antjepfundtner.de\/en\/\",\"url\":\"https:\/\/www.antjepfundtner.de\/en\/\",\"name\":\"Start | Antje Pfundtner in Gesellschaft\",\"isPartOf\":{\"@id\":\"https:\/\/www.antjepfundtner.de\/#website\"},\"datePublished\":\"2019-10-30T15:02:11+00:00\",\"dateModified\":\"2024-01-05T12:41:37+00:00\",\"breadcrumb\":{\"@id\":\"https:\/\/www.antjepfundtner.de\/en\/#breadcrumb\"},\"inLanguage\":\"en-US\",\"potentialAction\":[{\"@type\":\"ReadAction\",\"target\":[\"https:\/\/www.antjepfundtner.de\/en\/\"]}]},{\"@type\":\"BreadcrumbList\",\"@id\":\"https:\/\/www.antjepfundtner.de\/en\/#breadcrumb\",\"itemListElement\":[{\"@type\":\"ListItem\",\"position\":1,\"name\":\"Startseite\",\"item\":\"https:\/\/www.antjepfundtner.de\/en\/\"},{\"@type\":\"ListItem\",\"position\":2,\"name\":\"Start\"}]},{\"@type\":\"WebSite\",\"@id\":\"https:\/\/www.antjepfundtner.de\/#website\",\"url\":\"https:\/\/www.antjepfundtner.de\/\",\"name\":\"Antje Pfundtner in Gesellschaft\",\"description\":\"APiG produziert B\u00fchnenst\u00fccke und initiiert kollaborative R\u00e4ume\",\"publisher\":{\"@id\":\"https:\/\/www.antjepfundtner.de\/#organization\"},\"potentialAction\":[{\"@type\":\"SearchAction\",\"target\":{\"@type\":\"EntryPoint\",\"urlTemplate\":\"https:\/\/www.antjepfundtner.de\/?s={search_term_string}\"},\"query-input\":\"required name=search_term_string\"}],\"inLanguage\":\"en-US\"},{\"@type\":\"Organization\",\"@id\":\"https:\/\/www.antjepfundtner.de\/#organization\",\"name\":\"Antje Pfundtner in Gesellschaft\",\"url\":\"https:\/\/www.antjepfundtner.de\/\",\"logo\":{\"@type\":\"ImageObject\",\"inLanguage\":\"en-US\",\"@id\":\"https:\/\/www.antjepfundtner.de\/#\/schema\/logo\/image\/\",\"url\":\"https:\/\/www.antjepfundtner.de\/wp-content\/uploads\/2019\/11\/apig_logo.png\",\"contentUrl\":\"https:\/\/www.antjepfundtner.de\/wp-content\/uploads\/2019\/11\/apig_logo.png\",\"width\":600,\"height\":156,\"caption\":\"Antje Pfundtner in Gesellschaft\"},\"image\":{\"@id\":\"https:\/\/www.antjepfundtner.de\/#\/schema\/logo\/image\/\"},\"sameAs\":[\"https:\/\/de-de.facebook.com\/antje.pfundtner\"]}]}<\/script>\n<!-- \/ Yoast SEO plugin. -->","yoast_head_json":{"title":"Start | Antje Pfundtner in Gesellschaft","robots":{"index":"index","follow":"follow","max-snippet":"max-snippet:-1","max-image-preview":"max-image-preview:large","max-video-preview":"max-video-preview:-1"},"canonical":"https:\/\/www.antjepfundtner.de\/en\/","og_locale":"en_US","og_type":"article","og_title":"Start | Antje Pfundtner in Gesellschaft","og_description":"\u201eAntje Pfundtner in Gesellschaft\u201c (APiG) is headquartered in Hamburg, produces stage pieces and initiates collaborative spaces. APiG is made up of a core team, i.a. Anne Kersting (dramaturgy and curation), Hannah Melder (production management, PR and marketing) and Antje Pfundtner (choreography, dance and artistic direction) as well as alternating guests and colleagues. In addition to [&hellip;]","og_url":"https:\/\/www.antjepfundtner.de\/en\/","og_site_name":"Antje Pfundtner in Gesellschaft","article_publisher":"https:\/\/de-de.facebook.com\/antje.pfundtner","article_modified_time":"2024-01-05T12:41:37+00:00","twitter_card":"summary_large_image","twitter_misc":{"Est. reading time":"1 minute"},"schema":{"@context":"https:\/\/schema.org","@graph":[{"@type":"WebPage","@id":"https:\/\/www.antjepfundtner.de\/en\/","url":"https:\/\/www.antjepfundtner.de\/en\/","name":"Start | Antje Pfundtner in Gesellschaft","isPartOf":{"@id":"https:\/\/www.antjepfundtner.de\/#website"},"datePublished":"2019-10-30T15:02:11+00:00","dateModified":"2024-01-05T12:41:37+00:00","breadcrumb":{"@id":"https:\/\/www.antjepfundtner.de\/en\/#breadcrumb"},"inLanguage":"en-US","potentialAction":[{"@type":"ReadAction","target":["https:\/\/www.antjepfundtner.de\/en\/"]}]},{"@type":"BreadcrumbList","@id":"https:\/\/www.antjepfundtner.de\/en\/#breadcrumb","itemListElement":[{"@type":"ListItem","position":1,"name":"Startseite","item":"https:\/\/www.antjepfundtner.de\/en\/"},{"@type":"ListItem","position":2,"name":"Start"}]},{"@type":"WebSite","@id":"https:\/\/www.antjepfundtner.de\/#website","url":"https:\/\/www.antjepfundtner.de\/","name":"Antje Pfundtner in Gesellschaft","description":"APiG produziert B\u00fchnenst\u00fccke und initiiert kollaborative R\u00e4ume","publisher":{"@id":"https:\/\/www.antjepfundtner.de\/#organization"},"potentialAction":[{"@type":"SearchAction","target":{"@type":"EntryPoint","urlTemplate":"https:\/\/www.antjepfundtner.de\/?s={search_term_string}"},"query-input":"required name=search_term_string"}],"inLanguage":"en-US"},{"@type":"Organization","@id":"https:\/\/www.antjepfundtner.de\/#organization","name":"Antje Pfundtner in Gesellschaft","url":"https:\/\/www.antjepfundtner.de\/","logo":{"@type":"ImageObject","inLanguage":"en-US","@id":"https:\/\/www.antjepfundtner.de\/#\/schema\/logo\/image\/","url":"https:\/\/www.antjepfundtner.de\/wp-content\/uploads\/2019\/11\/apig_logo.png","contentUrl":"https:\/\/www.antjepfundtner.de\/wp-content\/uploads\/2019\/11\/apig_logo.png","width":600,"height":156,"caption":"Antje Pfundtner in Gesellschaft"},"image":{"@id":"https:\/\/www.antjepfundtner.de\/#\/schema\/logo\/image\/"},"sameAs":["https:\/\/de-de.facebook.com\/antje.pfundtner"]}]}},"_links":{"self":[{"href":"https:\/\/www.antjepfundtner.de\/en\/wp-json\/wp\/v2\/pages\/263"}],"collection":[{"href":"https:\/\/www.antjepfundtner.de\/en\/wp-json\/wp\/v2\/pages"}],"about":[{"href":"https:\/\/www.antjepfundtner.de\/en\/wp-json\/wp\/v2\/types\/page"}],"author":[{"embeddable":true,"href":"https:\/\/www.antjepfundtner.de\/en\/wp-json\/wp\/v2\/users\/1"}],"replies":[{"embeddable":true,"href":"https:\/\/www.antjepfundtner.de\/en\/wp-json\/wp\/v2\/comments?post=263"}],"version-history":[{"count":21,"href":"https:\/\/www.antjepfundtner.de\/en\/wp-json\/wp\/v2\/pages\/263\/revisions"}],"predecessor-version":[{"id":6194,"href":"https:\/\/www.antjepfundtner.de\/en\/wp-json\/wp\/v2\/pages\/263\/revisions\/6194"}],"wp:attachment":[{"href":"https:\/\/www.antjepfundtner.de\/en\/wp-json\/wp\/v2\/media?parent=263"}],"curies":[{"name":"wp","href":"https:\/\/api.w.org\/{rel}","templated":true}]}}