{"id":298,"date":"2019-11-07T10:19:12","date_gmt":"2019-11-07T09:19:12","guid":{"rendered":"http:\/\/www.diasporafriends.de\/zzantje\/impressum\/"},"modified":"2020-02-26T17:31:32","modified_gmt":"2020-02-26T16:31:32","slug":"imprint","status":"publish","type":"page","link":"https:\/\/www.antjepfundtner.de\/en\/imprint\/","title":{"rendered":"Imprint"},"content":{"rendered":"\t\t<h2 class=\"apigueberschrift\">Imprint<\/h2>\n\n\n\n<p><strong>Information pursuant \u00a7 5 TMG<\/strong><br><br>Antje Pfundtner <br>Thedestra\u00dfe 101A <br>D-22767 Hamburg <br><br><strong>Contact<\/strong><br><br>E-mail: <a rel=\"noreferrer noopener\" aria-label=\"&#97;&#x2e;&#x70;f&#117;&#x6e;d&#116;&#x6e;e&#114;&#x40;a&#110;&#x74;&#x6a;&#101;&#x70;&#x66;u&#110;&#x64;t&#110;&#x65;r&#46;&#x64;&#x65; (opens in a new tab)\" href=\"&#x6d;&#97;&#x69;&#x6c;&#116;&#x6f;&#x3a;&#97;&#x2e;&#x70;&#102;&#x75;&#x6e;d&#x74;&#x6e;e&#x72;&#64;a&#x6e;&#116;j&#x65;&#112;f&#x75;&#110;d&#x74;&#110;e&#x72;&#46;d&#x65;\" target=\"_blank\">&#97;&#x2e;&#112;&#x66;&#117;&#x6e;&#100;&#x74;&#110;&#x65;&#114;&#x40;&#97;&#x6e;&#116;&#x6a;&#101;&#x70;&#102;&#x75;&#110;&#x64;&#116;&#x6e;&#101;&#x72;&#46;&#x64;&#101;<\/a><br><br><strong>Responsible for content pursuant \u00a7 55 Abs. 2 RStV<\/strong><br><br>Antje Pfundtner <br>Thedestra\u00dfe 101A <br>D-22767 Hamburg<br><br>We are neither willing nor obliged to take part in dispute settlement proceedings at a consumer arbitration board.<br><br><strong>Liable for contents<br><\/strong><br>As a service provider, we are responsible for our own content on these pages pursuant to \u00a7 7 para.1 TMG (German Telemedia Act) and generally applicable laws. In accordance with \u00a7\u00a7 8 to 10 TMG, we are not obliged to monitor transmitted or stored external information or to investigate circumstances that indicate illegal activity.<br><br>Any obligations to remove or block the use of information according to general applicable laws remain unaffected. However, liability in this respect is only viable from the moment of awareness of a concrete infringement. If we become aware of any such infringements, we will remove these contents immediately.<br><br><strong>Liability for links<\/strong><br><br>Our website contains links to external third-party websites, over whose contents we have no influence. We thus cannot assume any liability for these external contents. These sites\u2019 respective provider or operator is always responsible for the contents on the linked sites. The linked pages were checked for possible legal violations at the time of linking. Illegal contents were not recognizable at the time of linking.<br><br>A permanent control of the contents on linked pages is not reasonable without concrete evidence of a legal violation. If we become aware of any infringements, we will remove such links immediately.<br><br><strong>Copyright<\/strong><br><br>The contents and works on these pages that were created by the site operators are subject to German copyright law. The reproduction, editing, distribution and any kind of use outside the limits of copyright law require the written consent of the respective author or creator. Downloads and copies of these pages are only permitted for private, non-commercial use.<br><br>Insofar as the content on this site was not created by the operator, the copyrights of third parties are respected. In particular, third-party content is identified as such. Should you nevertheless become aware of a copyright infringement, please inform us accordingly. If we become aware of any infringements, we will remove such contents immediately.<br><br><strong>Website design <\/strong><br><br>Melanie Castillo<br><br><strong>Website programming <\/strong><br><br>Jonas Langreuter (<a rel=\"noreferrer noopener\" aria-label=\"WeMakeWebsites (opens in a new tab)\" href=\"https:\/\/www.wemakewebsites.de\" target=\"_blank\">WeMakeWebsites<\/a>, websites &amp; WordPress services)<br><br><strong>Website editing &amp; content management <\/strong><br><br>Hannah Melder<\/p>\n","protected":false},"excerpt":{"rendered":"<p>Information pursuant \u00a7 5 TMG Antje Pfundtner Thedestra\u00dfe 101A D-22767 Hamburg Contact E-mail: a&#46;&#112;&#x66;&#x75;&#x6e;&#x64;t&#110;&#101;&#114;&#x40;&#x61;&#x6e;tj&#101;&#112;&#x66;&#x75;&#x6e;dt&#110;&#101;&#x72;&#x2e;&#x64;e Responsible for content pursuant \u00a7 55 Abs. 2 RStV Antje Pfundtner Thedestra\u00dfe 101A D-22767 Hamburg We are neither willing nor obliged to take part in dispute settlement proceedings at a consumer arbitration board. Liable for contentsAs a service provider, we are [&hellip;]<\/p>\n","protected":false},"author":1,"featured_media":0,"parent":0,"menu_order":98,"comment_status":"closed","ping_status":"closed","template":"","meta":{"footnotes":""},"acf":[],"yoast_head":"<!-- This site is optimized with the Yoast SEO plugin v21.4 - https:\/\/yoast.com\/wordpress\/plugins\/seo\/ -->\n<title>Imprint | Antje Pfundtner in Gesellschaft<\/title>\n<meta name=\"robots\" content=\"index, follow, max-snippet:-1, max-image-preview:large, max-video-preview:-1\" \/>\n<link rel=\"canonical\" href=\"https:\/\/www.antjepfundtner.de\/en\/imprint\/\" \/>\n<meta property=\"og:locale\" content=\"en_US\" \/>\n<meta property=\"og:type\" content=\"article\" \/>\n<meta property=\"og:title\" content=\"Imprint | Antje Pfundtner in Gesellschaft\" \/>\n<meta property=\"og:description\" content=\"Information pursuant \u00a7 5 TMG Antje Pfundtner Thedestra\u00dfe 101A D-22767 Hamburg Contact E-mail: &#x61;&#046;&#x70;&#102;&#x75;&#x6e;d&#x74;&#110;&#x65;&#x72;&#064;&#x61;&#110;&#x74;&#x6a;e&#x70;&#102;&#x75;&#x6e;d&#x74;&#110;&#x65;&#x72;&#046;&#x64;&#101; Responsible for content pursuant \u00a7 55 Abs. 2 RStV Antje Pfundtner Thedestra\u00dfe 101A D-22767 Hamburg We are neither willing nor obliged to take part in dispute settlement proceedings at a consumer arbitration board. Liable for contentsAs a service provider, we are [&hellip;]\" \/>\n<meta property=\"og:url\" content=\"https:\/\/www.antjepfundtner.de\/en\/imprint\/\" \/>\n<meta property=\"og:site_name\" content=\"Antje Pfundtner in Gesellschaft\" \/>\n<meta property=\"article:publisher\" content=\"https:\/\/de-de.facebook.com\/antje.pfundtner\" \/>\n<meta property=\"article:modified_time\" content=\"2020-02-26T16:31:32+00:00\" \/>\n<meta name=\"twitter:card\" content=\"summary_large_image\" \/>\n<meta name=\"twitter:label1\" content=\"Est. reading time\" \/>\n\t<meta name=\"twitter:data1\" content=\"2 minutes\" \/>\n<script type=\"application\/ld+json\" class=\"yoast-schema-graph\">{\"@context\":\"https:\/\/schema.org\",\"@graph\":[{\"@type\":\"WebPage\",\"@id\":\"https:\/\/www.antjepfundtner.de\/en\/imprint\/\",\"url\":\"https:\/\/www.antjepfundtner.de\/en\/imprint\/\",\"name\":\"Imprint | Antje Pfundtner in Gesellschaft\",\"isPartOf\":{\"@id\":\"https:\/\/www.antjepfundtner.de\/#website\"},\"datePublished\":\"2019-11-07T09:19:12+00:00\",\"dateModified\":\"2020-02-26T16:31:32+00:00\",\"breadcrumb\":{\"@id\":\"https:\/\/www.antjepfundtner.de\/en\/imprint\/#breadcrumb\"},\"inLanguage\":\"en-US\",\"potentialAction\":[{\"@type\":\"ReadAction\",\"target\":[\"https:\/\/www.antjepfundtner.de\/en\/imprint\/\"]}]},{\"@type\":\"BreadcrumbList\",\"@id\":\"https:\/\/www.antjepfundtner.de\/en\/imprint\/#breadcrumb\",\"itemListElement\":[{\"@type\":\"ListItem\",\"position\":1,\"name\":\"Startseite\",\"item\":\"https:\/\/www.antjepfundtner.de\/en\/\"},{\"@type\":\"ListItem\",\"position\":2,\"name\":\"Imprint\"}]},{\"@type\":\"WebSite\",\"@id\":\"https:\/\/www.antjepfundtner.de\/#website\",\"url\":\"https:\/\/www.antjepfundtner.de\/\",\"name\":\"Antje Pfundtner in Gesellschaft\",\"description\":\"APiG produziert B\u00fchnenst\u00fccke und initiiert kollaborative R\u00e4ume\",\"publisher\":{\"@id\":\"https:\/\/www.antjepfundtner.de\/#organization\"},\"potentialAction\":[{\"@type\":\"SearchAction\",\"target\":{\"@type\":\"EntryPoint\",\"urlTemplate\":\"https:\/\/www.antjepfundtner.de\/?s={search_term_string}\"},\"query-input\":\"required name=search_term_string\"}],\"inLanguage\":\"en-US\"},{\"@type\":\"Organization\",\"@id\":\"https:\/\/www.antjepfundtner.de\/#organization\",\"name\":\"Antje Pfundtner in Gesellschaft\",\"url\":\"https:\/\/www.antjepfundtner.de\/\",\"logo\":{\"@type\":\"ImageObject\",\"inLanguage\":\"en-US\",\"@id\":\"https:\/\/www.antjepfundtner.de\/#\/schema\/logo\/image\/\",\"url\":\"https:\/\/www.antjepfundtner.de\/wp-content\/uploads\/2019\/11\/apig_logo.png\",\"contentUrl\":\"https:\/\/www.antjepfundtner.de\/wp-content\/uploads\/2019\/11\/apig_logo.png\",\"width\":600,\"height\":156,\"caption\":\"Antje Pfundtner in Gesellschaft\"},\"image\":{\"@id\":\"https:\/\/www.antjepfundtner.de\/#\/schema\/logo\/image\/\"},\"sameAs\":[\"https:\/\/de-de.facebook.com\/antje.pfundtner\"]}]}<\/script>\n<!-- \/ Yoast SEO plugin. -->","yoast_head_json":{"title":"Imprint | Antje Pfundtner in Gesellschaft","robots":{"index":"index","follow":"follow","max-snippet":"max-snippet:-1","max-image-preview":"max-image-preview:large","max-video-preview":"max-video-preview:-1"},"canonical":"https:\/\/www.antjepfundtner.de\/en\/imprint\/","og_locale":"en_US","og_type":"article","og_title":"Imprint | Antje Pfundtner in Gesellschaft","og_description":"Information pursuant \u00a7 5 TMG Antje Pfundtner Thedestra\u00dfe 101A D-22767 Hamburg Contact E-mail: &#x61;&#46;&#x70;&#102;&#x75;&#x6e;d&#x74;&#110;&#x65;&#x72;&#64;&#x61;&#110;&#x74;&#x6a;e&#x70;&#102;&#x75;&#x6e;d&#x74;&#110;&#x65;&#x72;&#46;&#x64;&#101; Responsible for content pursuant \u00a7 55 Abs. 2 RStV Antje Pfundtner Thedestra\u00dfe 101A D-22767 Hamburg We are neither willing nor obliged to take part in dispute settlement proceedings at a consumer arbitration board. Liable for contentsAs a service provider, we are [&hellip;]","og_url":"https:\/\/www.antjepfundtner.de\/en\/imprint\/","og_site_name":"Antje Pfundtner in Gesellschaft","article_publisher":"https:\/\/de-de.facebook.com\/antje.pfundtner","article_modified_time":"2020-02-26T16:31:32+00:00","twitter_card":"summary_large_image","twitter_misc":{"Est. reading time":"2 minutes"},"schema":{"@context":"https:\/\/schema.org","@graph":[{"@type":"WebPage","@id":"https:\/\/www.antjepfundtner.de\/en\/imprint\/","url":"https:\/\/www.antjepfundtner.de\/en\/imprint\/","name":"Imprint | Antje Pfundtner in Gesellschaft","isPartOf":{"@id":"https:\/\/www.antjepfundtner.de\/#website"},"datePublished":"2019-11-07T09:19:12+00:00","dateModified":"2020-02-26T16:31:32+00:00","breadcrumb":{"@id":"https:\/\/www.antjepfundtner.de\/en\/imprint\/#breadcrumb"},"inLanguage":"en-US","potentialAction":[{"@type":"ReadAction","target":["https:\/\/www.antjepfundtner.de\/en\/imprint\/"]}]},{"@type":"BreadcrumbList","@id":"https:\/\/www.antjepfundtner.de\/en\/imprint\/#breadcrumb","itemListElement":[{"@type":"ListItem","position":1,"name":"Startseite","item":"https:\/\/www.antjepfundtner.de\/en\/"},{"@type":"ListItem","position":2,"name":"Imprint"}]},{"@type":"WebSite","@id":"https:\/\/www.antjepfundtner.de\/#website","url":"https:\/\/www.antjepfundtner.de\/","name":"Antje Pfundtner in Gesellschaft","description":"APiG produziert B\u00fchnenst\u00fccke und initiiert kollaborative R\u00e4ume","publisher":{"@id":"https:\/\/www.antjepfundtner.de\/#organization"},"potentialAction":[{"@type":"SearchAction","target":{"@type":"EntryPoint","urlTemplate":"https:\/\/www.antjepfundtner.de\/?s={search_term_string}"},"query-input":"required name=search_term_string"}],"inLanguage":"en-US"},{"@type":"Organization","@id":"https:\/\/www.antjepfundtner.de\/#organization","name":"Antje Pfundtner in Gesellschaft","url":"https:\/\/www.antjepfundtner.de\/","logo":{"@type":"ImageObject","inLanguage":"en-US","@id":"https:\/\/www.antjepfundtner.de\/#\/schema\/logo\/image\/","url":"https:\/\/www.antjepfundtner.de\/wp-content\/uploads\/2019\/11\/apig_logo.png","contentUrl":"https:\/\/www.antjepfundtner.de\/wp-content\/uploads\/2019\/11\/apig_logo.png","width":600,"height":156,"caption":"Antje Pfundtner in Gesellschaft"},"image":{"@id":"https:\/\/www.antjepfundtner.de\/#\/schema\/logo\/image\/"},"sameAs":["https:\/\/de-de.facebook.com\/antje.pfundtner"]}]}},"_links":{"self":[{"href":"https:\/\/www.antjepfundtner.de\/en\/wp-json\/wp\/v2\/pages\/298"}],"collection":[{"href":"https:\/\/www.antjepfundtner.de\/en\/wp-json\/wp\/v2\/pages"}],"about":[{"href":"https:\/\/www.antjepfundtner.de\/en\/wp-json\/wp\/v2\/types\/page"}],"author":[{"embeddable":true,"href":"https:\/\/www.antjepfundtner.de\/en\/wp-json\/wp\/v2\/users\/1"}],"replies":[{"embeddable":true,"href":"https:\/\/www.antjepfundtner.de\/en\/wp-json\/wp\/v2\/comments?post=298"}],"version-history":[{"count":9,"href":"https:\/\/www.antjepfundtner.de\/en\/wp-json\/wp\/v2\/pages\/298\/revisions"}],"predecessor-version":[{"id":3307,"href":"https:\/\/www.antjepfundtner.de\/en\/wp-json\/wp\/v2\/pages\/298\/revisions\/3307"}],"wp:attachment":[{"href":"https:\/\/www.antjepfundtner.de\/en\/wp-json\/wp\/v2\/media?parent=298"}],"curies":[{"name":"wp","href":"https:\/\/api.w.org\/{rel}","templated":true}]}}